{"id":1292,"date":"2022-10-24T11:35:19","date_gmt":"2022-10-24T14:35:19","guid":{"rendered":"https:\/\/paranaluto.com.br\/memorialpet\/?page_id=1292"},"modified":"2022-10-24T11:45:01","modified_gmt":"2022-10-24T14:45:01","slug":"solicite-boleto","status":"publish","type":"page","link":"https:\/\/paranaluto.com.br\/memorialpet\/solicite-boleto\/","title":{"rendered":"Solicite Boleto"},"content":{"rendered":"<div class=\"wpb-content-wrapper\"><p>[vc_row wrap_container=&#8221;yes&#8221; css=&#8221;.vc_custom_1528974962051{padding-top: 110px !important;padding-bottom: 80px !important;background-image: url(\/\/sw-themes.com\/porto_dummy\/wp-content\/uploads\/2017\/02\/footer-bg.jpg?id=63) !important;}&#8221;][vc_column][vc_custom_heading text=&#8221;Solicite seu boleto preenchendo os campos abaixo!&#8221; font_container=&#8221;tag:h1|text_align:center|color:%23ffffff&#8221; use_theme_fonts=&#8221;yes&#8221; el_class=&#8221;text-center&#8221;][\/vc_column][\/vc_row][vc_row full_width=&#8221;stretch_row&#8221; wrap_container=&#8221;yes&#8221;][vc_column][vc_row_inner][vc_column_inner][vc_empty_space][vc_column_text]<span style=\"font-size: 18px;\">Conforme\u00a0<span style=\"color: #0000ff;\"><a style=\"color: #0000ff;\" href=\"https:\/\/www.febraban.org.br\/Acervo1.asp?id_texto=2660&amp;id_pagina=85\" target=\"_blank\" rel=\"noopener noreferrer\">Comunicado Febraban 014\/2015<\/a><\/span>\u00a0o seu boleto sempre ter\u00e1 o vencimento um dia posterior a solicita\u00e7\u00e3o.<\/span><\/p>\n<p><span style=\"font-size: 18px;\"><strong><em>***Caso o pagamento seja efetuado no dia do recebimento do mesmo o banco n\u00e3o processar\u00e1 a baixa***<\/em><\/strong><\/span>[\/vc_column_text][\/vc_column_inner][\/vc_row_inner][vc_row_inner][vc_column_inner width=&#8221;1\/2&#8243;][vc_column_text]<a href=\"https:\/\/www.santander.com.br\/br\/resolva-on-line\/reemissao-de-boleto-vencido\"><img decoding=\"async\" src=\"http:\/\/paranaluto.com.br\/wp-content\/uploads\/2019\/10\/gerarboleto.png\" alt=\"Solicite boleto\" \/><\/a>[\/vc_column_text][\/vc_column_inner][vc_column_inner width=&#8221;1\/2&#8243;]<div class=\"wpforms-container wpforms-container-full\" id=\"wpforms-1295\"><form id=\"wpforms-form-1295\" class=\"wpforms-validate wpforms-form wpforms-ajax-form\" data-formid=\"1295\" method=\"post\" enctype=\"multipart\/form-data\" action=\"\/memorialpet\/wp-json\/wp\/v2\/pages\/1292\" data-token=\"efdcf36213a17e01cb7b7066d33583d6\" data-token-time=\"1776961774\"><noscript class=\"wpforms-error-noscript\">Ative o JavaScript no seu navegador para preencher este formul\u00e1rio.<\/noscript><div class=\"wpforms-field-container\"><div id=\"wpforms-1295-field_0-container\" class=\"wpforms-field wpforms-field-name\" data-field-id=\"0\"><label class=\"wpforms-field-label wpforms-label-hide\" for=\"wpforms-1295-field_0\">Nome completo do titular <span class=\"wpforms-required-label\">*<\/span><\/label><input type=\"text\" id=\"wpforms-1295-field_0\" class=\"wpforms-field-large wpforms-field-required\" name=\"wpforms[fields][0]\" placeholder=\"Nome completo do titular\" required><\/div><div id=\"wpforms-1295-field_1-container\" class=\"wpforms-field wpforms-field-email\" data-field-id=\"1\"><label class=\"wpforms-field-label wpforms-label-hide\" for=\"wpforms-1295-field_1\">E-mail <span class=\"wpforms-required-label\">*<\/span><\/label><input type=\"email\" id=\"wpforms-1295-field_1\" class=\"wpforms-field-large wpforms-field-required\" name=\"wpforms[fields][1]\" placeholder=\"E-mail\" spellcheck=\"false\" required><\/div><div id=\"wpforms-1295-field_3-container\" class=\"wpforms-field wpforms-field-select wpforms-field-select-style-modern\" data-field-id=\"3\"><label class=\"wpforms-field-label wpforms-label-hide\" for=\"wpforms-1295-field_3\">Referente a qual parcela (m\u00eas) <span class=\"wpforms-required-label\">*<\/span><\/label><select id=\"wpforms-1295-field_3\" class=\"wpforms-field-large wpforms-field-required choicesjs-select\" data-size-class=\"wpforms-field-row wpforms-field-large\" data-search-enabled=\"1\" name=\"wpforms[fields][3]\" required=\"required\"><option value=\"\" class=\"placeholder\" disabled  selected='selected'>Referente a qual parcela (m\u00eas)<\/option><option value=\"01\"  class=\"choice-1 depth-1\"  >01<\/option><option value=\"02\"  class=\"choice-2 depth-1\"  >02<\/option><option value=\"03\"  class=\"choice-3 depth-1\"  >03<\/option><option value=\"04\"  class=\"choice-4 depth-1\"  >04<\/option><option value=\"05\"  class=\"choice-5 depth-1\"  >05<\/option><option value=\"06\"  class=\"choice-6 depth-1\"  >06<\/option><option value=\"07\"  class=\"choice-7 depth-1\"  >07<\/option><option value=\"08\"  class=\"choice-8 depth-1\"  >08<\/option><option value=\"09\"  class=\"choice-9 depth-1\"  >09<\/option><option value=\"10\"  class=\"choice-10 depth-1\"  >10<\/option><option value=\"11\"  class=\"choice-11 depth-1\"  >11<\/option><option value=\"12\"  class=\"choice-12 depth-1\"  >12<\/option><\/select><\/div><\/div><!-- .wpforms-field-container --><div class=\"wpforms-submit-container\" ><input type=\"hidden\" name=\"wpforms[id]\" value=\"1295\"><input type=\"hidden\" name=\"page_title\" value=\"\"><input type=\"hidden\" name=\"page_url\" value=\"https:\/\/paranaluto.com.br\/memorialpet\/wp-json\/wp\/v2\/pages\/1292\"><input type=\"hidden\" name=\"url_referer\" value=\"\"><button type=\"submit\" name=\"wpforms[submit]\" id=\"wpforms-submit-1295\" class=\"wpforms-submit\" data-alt-text=\"Enviando...\" data-submit-text=\"Enviar\" aria-live=\"assertive\" value=\"wpforms-submit\">Enviar<\/button><img loading=\"lazy\" decoding=\"async\" src=\"https:\/\/paranaluto.com.br\/memorialpet\/wp-content\/plugins\/wpforms-lite\/assets\/images\/submit-spin.svg\" class=\"wpforms-submit-spinner\" style=\"display: none;\" width=\"26\" height=\"26\" alt=\"Carregando\"><\/div><\/form><\/div>  <!-- .wpforms-container -->[\/vc_column_inner][\/vc_row_inner][vc_empty_space][vc_empty_space][\/vc_column][\/vc_row]<\/p>\n<\/div>","protected":false},"excerpt":{"rendered":"<p>[vc_row wrap_container=&#8221;yes&#8221; css=&#8221;.vc_custom_1528974962051{padding-top: 110px !important;padding-bottom: 80px !important;background-image: url(\/\/sw-themes.com\/porto_dummy\/wp-content\/uploads\/2017\/02\/footer-bg.jpg?id=63) !important;}&#8221;][vc_column][vc_custom_heading text=&#8221;Solicite seu boleto preenchendo os campos abaixo!&#8221; font_container=&#8221;tag:h1|text_align:center|color:%23ffffff&#8221; use_theme_fonts=&#8221;yes&#8221; el_class=&#8221;text-center&#8221;][\/vc_column][\/vc_row][vc_row full_width=&#8221;stretch_row&#8221; wrap_container=&#8221;yes&#8221;][vc_column][vc_row_inner][vc_column_inner][vc_empty_space][vc_column_text]Conforme\u00a0Comunicado Febraban 014\/2015\u00a0o seu boleto sempre ter\u00e1 o vencimento um dia posterior a solicita\u00e7\u00e3o. ***Caso o pagamento seja efetuado no dia do recebimento do mesmo o banco n\u00e3o processar\u00e1 a baixa***[\/vc_column_text][\/vc_column_inner][\/vc_row_inner][vc_row_inner][vc_column_inner width=&#8221;1\/2&#8243;][vc_column_text][\/vc_column_text][\/vc_column_inner][vc_column_inner width=&#8221;1\/2&#8243;][\/vc_column_inner][\/vc_row_inner][vc_empty_space][vc_empty_space][\/vc_column][\/vc_row]<\/p>\n","protected":false},"author":1,"featured_media":0,"parent":0,"menu_order":0,"comment_status":"closed","ping_status":"closed","template":"","meta":{"footnotes":""},"class_list":["post-1292","page","type-page","status-publish","hentry"],"_links":{"self":[{"href":"https:\/\/paranaluto.com.br\/memorialpet\/wp-json\/wp\/v2\/pages\/1292","targetHints":{"allow":["GET"]}}],"collection":[{"href":"https:\/\/paranaluto.com.br\/memorialpet\/wp-json\/wp\/v2\/pages"}],"about":[{"href":"https:\/\/paranaluto.com.br\/memorialpet\/wp-json\/wp\/v2\/types\/page"}],"author":[{"embeddable":true,"href":"https:\/\/paranaluto.com.br\/memorialpet\/wp-json\/wp\/v2\/users\/1"}],"replies":[{"embeddable":true,"href":"https:\/\/paranaluto.com.br\/memorialpet\/wp-json\/wp\/v2\/comments?post=1292"}],"version-history":[{"count":3,"href":"https:\/\/paranaluto.com.br\/memorialpet\/wp-json\/wp\/v2\/pages\/1292\/revisions"}],"predecessor-version":[{"id":1301,"href":"https:\/\/paranaluto.com.br\/memorialpet\/wp-json\/wp\/v2\/pages\/1292\/revisions\/1301"}],"wp:attachment":[{"href":"https:\/\/paranaluto.com.br\/memorialpet\/wp-json\/wp\/v2\/media?parent=1292"}],"curies":[{"name":"wp","href":"https:\/\/api.w.org\/{rel}","templated":true}]}}