{"id":1305,"date":"2022-10-24T13:19:22","date_gmt":"2022-10-24T16:19:22","guid":{"rendered":"https:\/\/paranaluto.com.br\/memorialpet\/?page_id=1305"},"modified":"2022-10-24T17:41:47","modified_gmt":"2022-10-24T20:41:47","slug":"contato","status":"publish","type":"page","link":"https:\/\/paranaluto.com.br\/memorialpet\/contato\/","title":{"rendered":"Contato"},"content":{"rendered":"<div class=\"wpb-content-wrapper\"><p>[vc_row wrap_container=&#8221;yes&#8221; css=&#8221;.vc_custom_1528974962051{padding-top: 110px !important;padding-bottom: 80px !important;background-image: url(\/\/sw-themes.com\/porto_dummy\/wp-content\/uploads\/2017\/02\/footer-bg.jpg?id=63) !important;}&#8221;][vc_column][vc_custom_heading text=&#8221;Fale conosco, envie suas d\u00favidas, sugest\u00f5es ou outros assuntos&#8221; font_container=&#8221;tag:h1|text_align:center|color:%23ffffff&#8221; use_theme_fonts=&#8221;yes&#8221; el_class=&#8221;text-center&#8221;][\/vc_column][\/vc_row][vc_row full_width=&#8221;stretch_row&#8221; wrap_container=&#8221;yes&#8221;][vc_column][vc_row_inner][vc_column_inner][vc_empty_space][\/vc_column_inner][\/vc_row_inner][vc_row_inner][vc_column_inner width=&#8221;2\/5&#8243;][vc_empty_space][vc_column_text]<\/p>\n<h4><span style=\"font-size: 22px;\">Informa\u00e7\u00f5es de contato<\/span><\/h4>\n<address><span style=\"font-size: 18px;\"><i class=\"far fa-building\"><\/i><strong> Endere\u00e7o:<\/strong><\/span><br \/>\n<span style=\"font-size: 18px;\">Desembargador Westphalen, 289<br \/>\n2\u00ba Andar &#8211; Sala 23<\/span><br \/>\n<span style=\"font-size: 18px;\">Edif\u00edcio Colombo &#8211; Centro Curitiba-PR<\/span><\/address>\n<p><span style=\"font-size: 18px;\"><i class=\"fas fa-phone-alt\"><\/i><strong> Telefones:<\/strong><\/span><br \/>\n<span style=\"font-size: 18px;\">(41) 3233-3897<\/span><br \/>\n<span style=\"font-size: 18px;\">041 98516-6952<\/span><br \/>\n<span style=\"font-size: 18px;\">0800 102 4242<\/span><\/p>\n<p class=\"mail\"><span style=\"font-size: 18px;\"><i class=\"far fa-envelope\"><\/i><strong> E-mail para contato:\u00a0<\/strong><\/span><span style=\"font-size: 18px;\">\u00a0<span style=\"color: #0000ff;\"><a style=\"color: #0000ff;\" href=\"mailto:contato@paranaluto.com.br\">contato@paranaluto.com.br<\/a><\/span><\/span><\/p>\n<p>[\/vc_column_text][\/vc_column_inner][vc_column_inner width=&#8221;3\/5&#8243;]<div class=\"wpforms-container wpforms-container-full\" id=\"wpforms-1306\"><form id=\"wpforms-form-1306\" class=\"wpforms-validate wpforms-form wpforms-ajax-form\" data-formid=\"1306\" method=\"post\" enctype=\"multipart\/form-data\" action=\"\/memorialpet\/wp-json\/wp\/v2\/pages\/1305\" data-token=\"d0187d7c415c650e9ca841add5fa90f2\" data-token-time=\"1776967683\"><noscript class=\"wpforms-error-noscript\">Ative o JavaScript no seu navegador para preencher este formul\u00e1rio.<\/noscript><div class=\"wpforms-field-container\"><div id=\"wpforms-1306-field_0-container\" class=\"wpforms-field wpforms-field-name wpforms-two-thirds wpforms-first\" data-field-id=\"0\"><label class=\"wpforms-field-label wpforms-label-hide\" for=\"wpforms-1306-field_0\">Nome completo do titular <span class=\"wpforms-required-label\">*<\/span><\/label><input type=\"text\" id=\"wpforms-1306-field_0\" class=\"wpforms-field-large wpforms-field-required\" name=\"wpforms[fields][0]\" placeholder=\"Nome\" required><\/div><div id=\"wpforms-1306-field_8-container\" class=\"wpforms-field wpforms-field-name wpforms-one-third\" data-field-id=\"8\"><label class=\"wpforms-field-label wpforms-label-hide\" for=\"wpforms-1306-field_8\">Celular <span class=\"wpforms-required-label\">*<\/span><\/label><input type=\"text\" id=\"wpforms-1306-field_8\" class=\"wpforms-field-large wpforms-field-required\" name=\"wpforms[fields][8]\" placeholder=\"Celular\" required><\/div><div id=\"wpforms-1306-field_1-container\" class=\"wpforms-field wpforms-field-email wpforms-two-thirds wpforms-first\" data-field-id=\"1\"><label class=\"wpforms-field-label wpforms-label-hide\" for=\"wpforms-1306-field_1\">E-mail <span class=\"wpforms-required-label\">*<\/span><\/label><input type=\"email\" id=\"wpforms-1306-field_1\" class=\"wpforms-field-large wpforms-field-required\" name=\"wpforms[fields][1]\" placeholder=\"E-mail\" spellcheck=\"false\" required><\/div><div id=\"wpforms-1306-field_5-container\" class=\"wpforms-field wpforms-field-text wpforms-one-third\" data-field-id=\"5\"><label class=\"wpforms-field-label wpforms-label-hide\" for=\"wpforms-1306-field_5\">Assunto <span class=\"wpforms-required-label\">*<\/span><\/label><input type=\"text\" id=\"wpforms-1306-field_5\" class=\"wpforms-field-large wpforms-field-required\" name=\"wpforms[fields][5]\" placeholder=\"Assunto\" required><\/div><div id=\"wpforms-1306-field_9-container\" class=\"wpforms-field wpforms-field-textarea\" data-field-id=\"9\"><label class=\"wpforms-field-label wpforms-label-hide\" for=\"wpforms-1306-field_9\">Mensagem <span class=\"wpforms-required-label\">*<\/span><\/label><textarea id=\"wpforms-1306-field_9\" class=\"wpforms-field-large wpforms-field-required\" name=\"wpforms[fields][9]\" placeholder=\"Mensagem\" required><\/textarea><\/div><\/div><!-- .wpforms-field-container --><div class=\"wpforms-submit-container\" ><input type=\"hidden\" name=\"wpforms[id]\" value=\"1306\"><input type=\"hidden\" name=\"page_title\" value=\"\"><input type=\"hidden\" name=\"page_url\" value=\"https:\/\/paranaluto.com.br\/memorialpet\/wp-json\/wp\/v2\/pages\/1305\"><input type=\"hidden\" name=\"url_referer\" value=\"\"><button type=\"submit\" name=\"wpforms[submit]\" id=\"wpforms-submit-1306\" class=\"wpforms-submit\" data-alt-text=\"Enviando...\" data-submit-text=\"Enviar\" aria-live=\"assertive\" value=\"wpforms-submit\">Enviar<\/button><img loading=\"lazy\" decoding=\"async\" src=\"https:\/\/paranaluto.com.br\/memorialpet\/wp-content\/plugins\/wpforms-lite\/assets\/images\/submit-spin.svg\" class=\"wpforms-submit-spinner\" style=\"display: none;\" width=\"26\" height=\"26\" alt=\"Carregando\"><\/div><\/form><\/div>  <!-- .wpforms-container -->[\/vc_column_inner][\/vc_row_inner][vc_empty_space][\/vc_column][\/vc_row]<\/p>\n<\/div>","protected":false},"excerpt":{"rendered":"<p>[vc_row wrap_container=&#8221;yes&#8221; css=&#8221;.vc_custom_1528974962051{padding-top: 110px !important;padding-bottom: 80px !important;background-image: url(\/\/sw-themes.com\/porto_dummy\/wp-content\/uploads\/2017\/02\/footer-bg.jpg?id=63) !important;}&#8221;][vc_column][vc_custom_heading text=&#8221;Fale conosco, envie suas d\u00favidas, sugest\u00f5es ou outros assuntos&#8221; font_container=&#8221;tag:h1|text_align:center|color:%23ffffff&#8221; use_theme_fonts=&#8221;yes&#8221; el_class=&#8221;text-center&#8221;][\/vc_column][\/vc_row][vc_row full_width=&#8221;stretch_row&#8221; wrap_container=&#8221;yes&#8221;][vc_column][vc_row_inner][vc_column_inner][vc_empty_space][\/vc_column_inner][\/vc_row_inner][vc_row_inner][vc_column_inner width=&#8221;2\/5&#8243;][vc_empty_space][vc_column_text] Informa\u00e7\u00f5es de contato Endere\u00e7o: Desembargador Westphalen, 289 2\u00ba Andar &#8211; Sala 23 Edif\u00edcio Colombo &#8211; Centro Curitiba-PR Telefones: (41) 3233-3897 041 98516-6952 0800 102 4242 E-mail para contato:\u00a0\u00a0contato@paranaluto.com.br [\/vc_column_text][\/vc_column_inner][vc_column_inner width=&#8221;3\/5&#8243;][\/vc_column_inner][\/vc_row_inner][vc_empty_space][\/vc_column][\/vc_row]<\/p>\n","protected":false},"author":1,"featured_media":0,"parent":0,"menu_order":0,"comment_status":"closed","ping_status":"closed","template":"","meta":{"footnotes":""},"class_list":["post-1305","page","type-page","status-publish","hentry"],"_links":{"self":[{"href":"https:\/\/paranaluto.com.br\/memorialpet\/wp-json\/wp\/v2\/pages\/1305","targetHints":{"allow":["GET"]}}],"collection":[{"href":"https:\/\/paranaluto.com.br\/memorialpet\/wp-json\/wp\/v2\/pages"}],"about":[{"href":"https:\/\/paranaluto.com.br\/memorialpet\/wp-json\/wp\/v2\/types\/page"}],"author":[{"embeddable":true,"href":"https:\/\/paranaluto.com.br\/memorialpet\/wp-json\/wp\/v2\/users\/1"}],"replies":[{"embeddable":true,"href":"https:\/\/paranaluto.com.br\/memorialpet\/wp-json\/wp\/v2\/comments?post=1305"}],"version-history":[{"count":8,"href":"https:\/\/paranaluto.com.br\/memorialpet\/wp-json\/wp\/v2\/pages\/1305\/revisions"}],"predecessor-version":[{"id":1379,"href":"https:\/\/paranaluto.com.br\/memorialpet\/wp-json\/wp\/v2\/pages\/1305\/revisions\/1379"}],"wp:attachment":[{"href":"https:\/\/paranaluto.com.br\/memorialpet\/wp-json\/wp\/v2\/media?parent=1305"}],"curies":[{"name":"wp","href":"https:\/\/api.w.org\/{rel}","templated":true}]}}