{"id":1441,"date":"2023-10-28T07:43:52","date_gmt":"2023-10-28T10:43:52","guid":{"rendered":"https:\/\/paranaluto.com.br\/memorialpet\/?page_id=1441"},"modified":"2023-11-06T14:34:27","modified_gmt":"2023-11-06T17:34:27","slug":"memorial","status":"publish","type":"page","link":"https:\/\/paranaluto.com.br\/memorialpet\/memorial\/","title":{"rendered":"memorial"},"content":{"rendered":"<div class=\"wpb-content-wrapper\"><p>[vc_row full_width=&#8221;stretch_row_content_no_spaces&#8221; css=&#8221;.vc_custom_1698686747182{background-image: url(https:\/\/paranaluto.com.br\/memorialpet\/wp-content\/uploads\/2023\/10\/banner02.jpg?id=1454) !important;background-position: center !important;background-repeat: no-repeat !important;background-size: cover !important;}&#8221;][vc_column offset=&#8221;vc_hidden-sm vc_hidden-xs&#8221;][vc_empty_space height=&#8221;150px&#8221;][vc_empty_space height=&#8221;150px&#8221;][vc_empty_space height=&#8221;150px&#8221;][vc_empty_space height=&#8221;150px&#8221;][\/vc_column][\/vc_row][vc_row full_width=&#8221;stretch_row_content_no_spaces&#8221; css=&#8221;.vc_custom_1699291924944{background-image: url(https:\/\/paranaluto.com.br\/memorialpet\/wp-content\/uploads\/2023\/11\/banner_mobile02.jpg?id=1500) !important;background-position: center !important;background-repeat: no-repeat !important;background-size: cover !important;}&#8221;][vc_column offset=&#8221;vc_hidden-lg vc_hidden-md&#8221;][vc_empty_space height=&#8221;150px&#8221;][vc_empty_space height=&#8221;150px&#8221;][\/vc_column][\/vc_row][vc_row full_width=&#8221;stretch_row&#8221; wrap_container=&#8221;yes&#8221; css=&#8221;.vc_custom_1697823966179{background-image: url(https:\/\/paranaluto.com.br\/wp-content\/uploads\/2023\/10\/bg3-scaled.jpg?id=1552) !important;background-position: center !important;background-repeat: no-repeat !important;background-size: cover !important;}&#8221;][vc_column offset=&#8221;vc_hidden-sm vc_hidden-xs&#8221;][vc_row_inner][vc_column_inner width=&#8221;1\/6&#8243;][vc_empty_space height=&#8221;100px&#8221;][vc_empty_space height=&#8221;100px&#8221;][vc_single_image image=&#8221;1477&#8243; img_size=&#8221;full&#8221; alignment=&#8221;center&#8221;][\/vc_column_inner][vc_column_inner width=&#8221;2\/3&#8243;][vc_empty_space height=&#8221;60px&#8221;][vc_single_image image=&#8221;1479&#8243; img_size=&#8221;full&#8221; alignment=&#8221;center&#8221;][vc_column_text]<\/p>\n<h3 style=\"text-align: center;\">Eles deixaram pegadas permanentes em nossos cora\u00e7\u00f5es, e \u00e9 aqui que queremos honrar suas mem\u00f3rias. Este \u00e9 um lugar especial onde o amor eterno pelos nossos amados companheiros de quatro patas \u00e9 celebrado e onde hist\u00f3rias, fotos e lembran\u00e7as s\u00e3o compartilhadas.<\/h3>\n<p>[\/vc_column_text][vc_empty_space height=&#8221;60px&#8221;][\/vc_column_inner][vc_column_inner width=&#8221;1\/6&#8243;][vc_empty_space height=&#8221;100px&#8221;][vc_empty_space height=&#8221;100px&#8221;][vc_single_image image=&#8221;1478&#8243; img_size=&#8221;full&#8221; alignment=&#8221;center&#8221;][\/vc_column_inner][\/vc_row_inner][\/vc_column][\/vc_row][vc_row full_width=&#8221;stretch_row&#8221; wrap_container=&#8221;yes&#8221; css=&#8221;.vc_custom_1697823966179{background-image: url(https:\/\/paranaluto.com.br\/wp-content\/uploads\/2023\/10\/bg3-scaled.jpg?id=1552) !important;background-position: center !important;background-repeat: no-repeat !important;background-size: cover !important;}&#8221;][vc_column offset=&#8221;vc_hidden-lg vc_hidden-md&#8221;][vc_row_inner][vc_column_inner][vc_empty_space][vc_single_image image=&#8221;1479&#8243; img_size=&#8221;full&#8221; alignment=&#8221;center&#8221;][vc_column_text]<\/p>\n<h3 style=\"text-align: center;\"><span style=\"font-size: 12px;\">Eles deixaram pegadas permanentes em nossos cora\u00e7\u00f5es, e \u00e9 aqui que queremos honrar suas mem\u00f3rias. Este \u00e9 um lugar especial onde o amor eterno pelos nossos amados companheiros de quatro patas \u00e9 celebrado e onde hist\u00f3rias, fotos e lembran\u00e7as s\u00e3o compartilhadas.<\/span><\/h3>\n<p>[\/vc_column_text][vc_empty_space][\/vc_column_inner][\/vc_row_inner][\/vc_column][\/vc_row][vc_row][vc_column offset=&#8221;vc_hidden-sm vc_hidden-xs&#8221;][vc_empty_space][vc_row_inner][vc_column_inner width=&#8221;2\/3&#8243;][vc_column_text]<form data-min-no-for-search=1 data-result-box-max-height=400 data-form-id=1491 class=\"is-search-form is-form-style is-form-style-3 is-form-id-1491 is-ajax-search\" action=\"https:\/\/paranaluto.com.br\/memorialpet\/\" method=\"get\" role=\"search\" ><label for=\"is-search-input-1491\"><span class=\"is-screen-reader-text\">Search for:<\/span><input  type=\"search\" id=\"is-search-input-1491\" name=\"s\" value=\"\" class=\"is-search-input\" placeholder=\"Search here...\" autocomplete=off \/><span class=\"is-loader-image\" style=\"display: none;background-image:url(https:\/\/paranaluto.com.br\/memorialpet\/wp-content\/plugins\/add-search-to-menu\/public\/images\/spinner.gif);\" ><\/span><\/label><button type=\"submit\" class=\"is-search-submit\"><span class=\"is-screen-reader-text\">Search Button<\/span><span class=\"is-search-icon\"><svg focusable=\"false\" aria-label=\"Search\" xmlns=\"http:\/\/www.w3.org\/2000\/svg\" viewBox=\"0 0 24 24\" width=\"24px\"><path d=\"M15.5 14h-.79l-.28-.27C15.41 12.59 16 11.11 16 9.5 16 5.91 13.09 3 9.5 3S3 5.91 3 9.5 5.91 16 9.5 16c1.61 0 3.09-.59 4.23-1.57l.27.28v.79l5 4.99L20.49 19l-4.99-5zm-6 0C7.01 14 5 11.99 5 9.5S7.01 5 9.5 5 14 7.01 14 9.5 11.99 14 9.5 14z\"><\/path><\/svg><\/span><\/button><input type=\"hidden\" name=\"id\" value=\"1491\" \/><\/form>[\/vc_column_text][\/vc_column_inner][vc_column_inner width=&#8221;1\/3&#8243;][vc_column_text]Buscar por nome[\/vc_column_text][\/vc_column_inner][\/vc_row_inner][vc_empty_space]<div class=\"porto-recent-posts wpb_content_element \">\t<div class=\"row\">\n\t\t<div class=\"post-carousel porto-carousel owl-carousel\" data-plugin-options=\"{&quot;themeConfig&quot;:true,&quot;lg&quot;:3,&quot;md&quot;:3,&quot;sm&quot;:1}\">\n\t\t\t<div class=\"post-slide\"><div class=\"post-item style-6 post-title-simple\">\n\t\t<a href=\"https:\/\/paranaluto.com.br\/memorialpet\/bili\/\"> <span class=\"post-image thumb-info thumb-info-hide-wrapper-bg thumb-info-no-zoom m-b-md\"> <span class=\"thumb-info-wrapper\"> <img loading=\"lazy\" decoding=\"async\" class=\"img-responsive\" width=\"310\" height=\"310\" src=\"https:\/\/paranaluto.com.br\/memorialpet\/wp-content\/uploads\/2023\/12\/bili.png\" alt=\"\" \/>\n\t\t\t<span class=\"zoom\" data-src=\"https:\/\/paranaluto.com.br\/memorialpet\/wp-content\/uploads\/2023\/12\/bili.png\" data-title=\"\"><i class=\"fas fa-search\"><\/i><\/span>\n\t\t<\/span> <\/span> <\/a>\n\t\t<span class=\"meta-date\"><i class=\"far fa-clock\"><\/i> 5 de dezembro, 2023<\/span>\n\t<h3> <a class=\"text-decoration-none text-dark\" href=\"https:\/\/paranaluto.com.br\/memorialpet\/bili\/\">\n\tBili\t<\/a> <\/h3>\n\t<a href=\"https:\/\/paranaluto.com.br\/memorialpet\/bili\/\" class=\"read-more\"><span>Read More<\/span> <i class=\"fa fa-play\"><\/i><\/a>\n<\/div>\n<\/div><div class=\"post-slide\"><div class=\"post-item style-6 post-title-simple\">\n\t\t<a href=\"https:\/\/paranaluto.com.br\/memorialpet\/simba\/\"> <span class=\"post-image thumb-info thumb-info-hide-wrapper-bg thumb-info-no-zoom m-b-md\"> <span class=\"thumb-info-wrapper\"> <img loading=\"lazy\" decoding=\"async\" class=\"img-responsive\" width=\"310\" height=\"310\" src=\"https:\/\/paranaluto.com.br\/memorialpet\/wp-content\/uploads\/2023\/11\/simba.png\" alt=\"\" \/>\n\t\t\t<span class=\"zoom\" data-src=\"https:\/\/paranaluto.com.br\/memorialpet\/wp-content\/uploads\/2023\/11\/simba.png\" data-title=\"\"><i class=\"fas fa-search\"><\/i><\/span>\n\t\t<\/span> <\/span> <\/a>\n\t\t<span class=\"meta-date\"><i class=\"far fa-clock\"><\/i> 29 de novembro, 2023<\/span>\n\t<h3> <a class=\"text-decoration-none text-dark\" href=\"https:\/\/paranaluto.com.br\/memorialpet\/simba\/\">\n\tSimba\t<\/a> <\/h3>\n\t<a href=\"https:\/\/paranaluto.com.br\/memorialpet\/simba\/\" class=\"read-more\"><span>Read More<\/span> <i class=\"fa fa-play\"><\/i><\/a>\n<\/div>\n<\/div><div class=\"post-slide\"><div class=\"post-item style-6 post-title-simple\">\n\t\t<a href=\"https:\/\/paranaluto.com.br\/memorialpet\/catharina\/\"> <span class=\"post-image thumb-info thumb-info-hide-wrapper-bg thumb-info-no-zoom m-b-md\"> <span class=\"thumb-info-wrapper\"> <img loading=\"lazy\" decoding=\"async\" class=\"img-responsive\" width=\"310\" height=\"310\" src=\"https:\/\/paranaluto.com.br\/memorialpet\/wp-content\/uploads\/2023\/10\/catharina.png\" alt=\"\" \/>\n\t\t\t<span class=\"zoom\" data-src=\"https:\/\/paranaluto.com.br\/memorialpet\/wp-content\/uploads\/2023\/10\/catharina.png\" data-title=\"\"><i class=\"fas fa-search\"><\/i><\/span>\n\t\t<\/span> <\/span> <\/a>\n\t\t<span class=\"meta-date\"><i class=\"far fa-clock\"><\/i> 30 de outubro, 2023<\/span>\n\t<h3> <a class=\"text-decoration-none text-dark\" href=\"https:\/\/paranaluto.com.br\/memorialpet\/catharina\/\">\n\tCatharina\t<\/a> <\/h3>\n\t<a href=\"https:\/\/paranaluto.com.br\/memorialpet\/catharina\/\" class=\"read-more\"><span>Read More<\/span> <i class=\"fa fa-play\"><\/i><\/a>\n<\/div>\n<\/div>\t\t<\/div>\n\t<\/div>\n\t<\/div>[vc_empty_space height=&#8221;60px&#8221;][\/vc_column][\/vc_row][vc_row][vc_column offset=&#8221;vc_hidden-lg vc_hidden-md&#8221;][vc_empty_space][vc_row_inner][vc_column_inner][vc_column_text]<\/p>\n<p style=\"text-align: center;\"><span style=\"font-size: 20px;\">Buscar por nome<\/span><\/p>\n<p>[\/vc_column_text][vc_column_text]<form data-min-no-for-search=1 data-result-box-max-height=400 data-form-id=1491 class=\"is-search-form is-form-style is-form-style-3 is-form-id-1491 is-ajax-search\" action=\"https:\/\/paranaluto.com.br\/memorialpet\/\" method=\"get\" role=\"search\" ><label for=\"is-search-input-1491\"><span class=\"is-screen-reader-text\">Search for:<\/span><input  type=\"search\" id=\"is-search-input-1491\" name=\"s\" value=\"\" class=\"is-search-input\" placeholder=\"Search here...\" autocomplete=off \/><span class=\"is-loader-image\" style=\"display: none;background-image:url(https:\/\/paranaluto.com.br\/memorialpet\/wp-content\/plugins\/add-search-to-menu\/public\/images\/spinner.gif);\" ><\/span><\/label><button type=\"submit\" class=\"is-search-submit\"><span class=\"is-screen-reader-text\">Search Button<\/span><span class=\"is-search-icon\"><svg focusable=\"false\" aria-label=\"Search\" xmlns=\"http:\/\/www.w3.org\/2000\/svg\" viewBox=\"0 0 24 24\" width=\"24px\"><path d=\"M15.5 14h-.79l-.28-.27C15.41 12.59 16 11.11 16 9.5 16 5.91 13.09 3 9.5 3S3 5.91 3 9.5 5.91 16 9.5 16c1.61 0 3.09-.59 4.23-1.57l.27.28v.79l5 4.99L20.49 19l-4.99-5zm-6 0C7.01 14 5 11.99 5 9.5S7.01 5 9.5 5 14 7.01 14 9.5 11.99 14 9.5 14z\"><\/path><\/svg><\/span><\/button><input type=\"hidden\" name=\"id\" value=\"1491\" \/><\/form>[\/vc_column_text][\/vc_column_inner][\/vc_row_inner][vc_empty_space]<div class=\"porto-recent-posts wpb_content_element \">\t<div class=\"row\">\n\t\t<div class=\"post-carousel porto-carousel owl-carousel\" data-plugin-options=\"{&quot;themeConfig&quot;:true,&quot;lg&quot;:3,&quot;md&quot;:3,&quot;sm&quot;:1}\">\n\t\t\t<div class=\"post-slide\"><div class=\"post-item style-6 post-title-simple\">\n\t\t<a href=\"https:\/\/paranaluto.com.br\/memorialpet\/bili\/\"> <span class=\"post-image thumb-info thumb-info-hide-wrapper-bg thumb-info-no-zoom m-b-md\"> <span class=\"thumb-info-wrapper\"> <img loading=\"lazy\" decoding=\"async\" class=\"img-responsive\" width=\"310\" height=\"310\" src=\"https:\/\/paranaluto.com.br\/memorialpet\/wp-content\/uploads\/2023\/12\/bili.png\" alt=\"\" \/>\n\t\t\t<span class=\"zoom\" data-src=\"https:\/\/paranaluto.com.br\/memorialpet\/wp-content\/uploads\/2023\/12\/bili.png\" data-title=\"\"><i class=\"fas fa-search\"><\/i><\/span>\n\t\t<\/span> <\/span> <\/a>\n\t\t<span class=\"meta-date\"><i class=\"far fa-clock\"><\/i> 5 de dezembro, 2023<\/span>\n\t<h3> <a class=\"text-decoration-none text-dark\" href=\"https:\/\/paranaluto.com.br\/memorialpet\/bili\/\">\n\tBili\t<\/a> <\/h3>\n\t<a href=\"https:\/\/paranaluto.com.br\/memorialpet\/bili\/\" class=\"read-more\"><span>Read More<\/span> <i class=\"fa fa-play\"><\/i><\/a>\n<\/div>\n<\/div><div class=\"post-slide\"><div class=\"post-item style-6 post-title-simple\">\n\t\t<a href=\"https:\/\/paranaluto.com.br\/memorialpet\/simba\/\"> <span class=\"post-image thumb-info thumb-info-hide-wrapper-bg thumb-info-no-zoom m-b-md\"> <span class=\"thumb-info-wrapper\"> <img loading=\"lazy\" decoding=\"async\" class=\"img-responsive\" width=\"310\" height=\"310\" src=\"https:\/\/paranaluto.com.br\/memorialpet\/wp-content\/uploads\/2023\/11\/simba.png\" alt=\"\" \/>\n\t\t\t<span class=\"zoom\" data-src=\"https:\/\/paranaluto.com.br\/memorialpet\/wp-content\/uploads\/2023\/11\/simba.png\" data-title=\"\"><i class=\"fas fa-search\"><\/i><\/span>\n\t\t<\/span> <\/span> <\/a>\n\t\t<span class=\"meta-date\"><i class=\"far fa-clock\"><\/i> 29 de novembro, 2023<\/span>\n\t<h3> <a class=\"text-decoration-none text-dark\" href=\"https:\/\/paranaluto.com.br\/memorialpet\/simba\/\">\n\tSimba\t<\/a> <\/h3>\n\t<a href=\"https:\/\/paranaluto.com.br\/memorialpet\/simba\/\" class=\"read-more\"><span>Read More<\/span> <i class=\"fa fa-play\"><\/i><\/a>\n<\/div>\n<\/div><div class=\"post-slide\"><div class=\"post-item style-6 post-title-simple\">\n\t\t<a href=\"https:\/\/paranaluto.com.br\/memorialpet\/catharina\/\"> <span class=\"post-image thumb-info thumb-info-hide-wrapper-bg thumb-info-no-zoom m-b-md\"> <span class=\"thumb-info-wrapper\"> <img loading=\"lazy\" decoding=\"async\" class=\"img-responsive\" width=\"310\" height=\"310\" src=\"https:\/\/paranaluto.com.br\/memorialpet\/wp-content\/uploads\/2023\/10\/catharina.png\" alt=\"\" \/>\n\t\t\t<span class=\"zoom\" data-src=\"https:\/\/paranaluto.com.br\/memorialpet\/wp-content\/uploads\/2023\/10\/catharina.png\" data-title=\"\"><i class=\"fas fa-search\"><\/i><\/span>\n\t\t<\/span> <\/span> <\/a>\n\t\t<span class=\"meta-date\"><i class=\"far fa-clock\"><\/i> 30 de outubro, 2023<\/span>\n\t<h3> <a class=\"text-decoration-none text-dark\" href=\"https:\/\/paranaluto.com.br\/memorialpet\/catharina\/\">\n\tCatharina\t<\/a> <\/h3>\n\t<a href=\"https:\/\/paranaluto.com.br\/memorialpet\/catharina\/\" class=\"read-more\"><span>Read More<\/span> <i class=\"fa fa-play\"><\/i><\/a>\n<\/div>\n<\/div>\t\t<\/div>\n\t<\/div>\n\t<\/div>[vc_empty_space height=&#8221;30px&#8221;][\/vc_column][\/vc_row]<\/p>\n<\/div>","protected":false},"excerpt":{"rendered":"<p>[vc_row full_width=&#8221;stretch_row_content_no_spaces&#8221; css=&#8221;.vc_custom_1698686747182{background-image: url(https:\/\/paranaluto.com.br\/memorialpet\/wp-content\/uploads\/2023\/10\/banner02.jpg?id=1454) !important;background-position: center !important;background-repeat: no-repeat !important;background-size: cover !important;}&#8221;][vc_column offset=&#8221;vc_hidden-sm vc_hidden-xs&#8221;][vc_empty_space height=&#8221;150px&#8221;][vc_empty_space height=&#8221;150px&#8221;][vc_empty_space height=&#8221;150px&#8221;][vc_empty_space height=&#8221;150px&#8221;][\/vc_column][\/vc_row][vc_row full_width=&#8221;stretch_row_content_no_spaces&#8221; css=&#8221;.vc_custom_1699291924944{background-image: url(https:\/\/paranaluto.com.br\/memorialpet\/wp-content\/uploads\/2023\/11\/banner_mobile02.jpg?id=1500) !important;background-position: center !important;background-repeat: no-repeat !important;background-size: cover !important;}&#8221;][vc_column offset=&#8221;vc_hidden-lg vc_hidden-md&#8221;][vc_empty_space height=&#8221;150px&#8221;][vc_empty_space height=&#8221;150px&#8221;][\/vc_column][\/vc_row][vc_row full_width=&#8221;stretch_row&#8221; wrap_container=&#8221;yes&#8221; css=&#8221;.vc_custom_1697823966179{background-image: url(https:\/\/paranaluto.com.br\/wp-content\/uploads\/2023\/10\/bg3-scaled.jpg?id=1552) !important;background-position: center !important;background-repeat: no-repeat !important;background-size: cover !important;}&#8221;][vc_column offset=&#8221;vc_hidden-sm vc_hidden-xs&#8221;][vc_row_inner][vc_column_inner width=&#8221;1\/6&#8243;][vc_empty_space height=&#8221;100px&#8221;][vc_empty_space height=&#8221;100px&#8221;][vc_single_image image=&#8221;1477&#8243; img_size=&#8221;full&#8221; alignment=&#8221;center&#8221;][\/vc_column_inner][vc_column_inner width=&#8221;2\/3&#8243;][vc_empty_space height=&#8221;60px&#8221;][vc_single_image image=&#8221;1479&#8243; img_size=&#8221;full&#8221; alignment=&#8221;center&#8221;][vc_column_text] [&hellip;]<\/p>\n","protected":false},"author":1,"featured_media":0,"parent":0,"menu_order":0,"comment_status":"closed","ping_status":"closed","template":"","meta":{"footnotes":""},"class_list":["post-1441","page","type-page","status-publish","hentry"],"_links":{"self":[{"href":"https:\/\/paranaluto.com.br\/memorialpet\/wp-json\/wp\/v2\/pages\/1441","targetHints":{"allow":["GET"]}}],"collection":[{"href":"https:\/\/paranaluto.com.br\/memorialpet\/wp-json\/wp\/v2\/pages"}],"about":[{"href":"https:\/\/paranaluto.com.br\/memorialpet\/wp-json\/wp\/v2\/types\/page"}],"author":[{"embeddable":true,"href":"https:\/\/paranaluto.com.br\/memorialpet\/wp-json\/wp\/v2\/users\/1"}],"replies":[{"embeddable":true,"href":"https:\/\/paranaluto.com.br\/memorialpet\/wp-json\/wp\/v2\/comments?post=1441"}],"version-history":[{"count":24,"href":"https:\/\/paranaluto.com.br\/memorialpet\/wp-json\/wp\/v2\/pages\/1441\/revisions"}],"predecessor-version":[{"id":1502,"href":"https:\/\/paranaluto.com.br\/memorialpet\/wp-json\/wp\/v2\/pages\/1441\/revisions\/1502"}],"wp:attachment":[{"href":"https:\/\/paranaluto.com.br\/memorialpet\/wp-json\/wp\/v2\/media?parent=1441"}],"curies":[{"name":"wp","href":"https:\/\/api.w.org\/{rel}","templated":true}]}}