{"id":150,"date":"2017-02-23T00:47:54","date_gmt":"2017-02-23T00:47:54","guid":{"rendered":"http:\/\/sw-themes.com\/porto_dummy\/?page_id=150"},"modified":"2022-11-01T18:20:31","modified_gmt":"2022-11-01T21:20:31","slug":"quem-somos","status":"publish","type":"page","link":"https:\/\/paranaluto.com.br\/memorialpet\/quem-somos\/","title":{"rendered":"Quem somos"},"content":{"rendered":"<div class=\"wpb-content-wrapper\"><p>[vc_row full_width=&#8221;stretch_row&#8221; parallax=&#8221;content-moving&#8221; parallax_image=&#8221;199&#8243; css=&#8221;.vc_custom_1493292645066{padding-top: 110px !important;padding-bottom: 80px !important;}&#8221; el_class=&#8221;text-center chrch-parlx-header&#8221;][vc_column][vc_custom_heading text=&#8221;Paran\u00e1 Luto&#8221; font_container=&#8221;tag:h1|text_align:center|color:%23ffffff&#8221; use_theme_fonts=&#8221;yes&#8221; el_class=&#8221;m-b-xs&#8221;][vc_column_text]<\/p>\n<h5 style=\"text-align: center;\"><span style=\"color: #ffffff;\">20 anos de compromisso com voc\u00ea<\/span><\/h5>\n<p>[\/vc_column_text][\/vc_column][\/vc_row][vc_row css=&#8221;.vc_custom_1488028147242{margin-top: 50px !important;margin-bottom: 50px !important;background-color: #ffffff !important;}&#8221;][vc_column width=&#8221;7\/12&#8243;][vc_custom_heading text=&#8221;Quem somos&#8221; font_container=&#8221;tag:h2|text_align:left|color:%23000000&#8243; use_theme_fonts=&#8221;yes&#8221; css=&#8221;.vc_custom_1666551637227{margin-bottom: 17px !important;}&#8221;][vc_column_text css=&#8221;.vc_custom_1667336660419{margin-bottom: 0px !important;}&#8221;]Ao longo de 20 anos de exist\u00eancia, a Paran\u00e1 Luto tem sido a m\u00e3o que se estende em uma das situa\u00e7\u00f5es mais delicadas da vida: a perda de um ente querido.<\/p>\n<p>Fundada em fevereiro de 2002, a empresa nasceu de um sonho e venceu diversos desafios ao longo dos anos. Com o passar do tempo, nos especializamos na presta\u00e7\u00e3o de servi\u00e7os e nos tornamos l\u00edderes no segmento.<\/p>\n<p>Nossa miss\u00e3o \u00e9 usar nossos servi\u00e7os para minimizar a dor e o desgaste de precisar lidar com as quest\u00f5es que envolvem um caso de falecimento, quando o que os familiares e os amigos precisam de verdade \u00e9 apenas lidar com o luto.<\/p>\n<p>Com nossos servi\u00e7os os clientes se previnem, evitam gastos excessivos e contam com tranquilidade, seguran\u00e7a e agilidade na hora de encaminhar o funeral.Tudo isso com transpar\u00eancia, integridade e verdade.<\/p>\n<p>A Paran\u00e1 Luto \u00e9 uma empresa legalizada pela Lei Federal N\u00ba 13.261 de 22 de mar\u00e7o de 2016.[\/vc_column_text][\/vc_column][vc_column width=&#8221;5\/12&#8243; el_class=&#8221;custom-box-squares&#8221;][vc_single_image image=&#8221;1415&#8243; img_size=&#8221;full&#8221; el_class=&#8221;custom-big-square left-pos d-none d-md-block custom-box-shadow&#8221;][vc_single_image image=&#8221;1416&#8243; img_size=&#8221;full&#8221; el_class=&#8221;custom-small-square left-pos custom-box-shadow d-none d-md-block&#8221;][vc_single_image image=&#8221;323&#8243; img_size=&#8221;full&#8221; el_class=&#8221;custom-cloud-img d-none d-md-block&#8221;][\/vc_column][\/vc_row][vc_row][vc_column][vc_row_inner][vc_column_inner width=&#8221;1\/2&#8243;]<div class=\"porto-sicon-box style_1 top-icon\"><div class=\"porto-sicon-top\"><div id=\"porto-icon-19252358469ea4b0dd7334\" class=\"porto-just-icon-wrapper\" style=\"text-align:center;\"><div class=\"porto-sicon-img \" style=\"display:inline-block;font-size: 62px;\"><img loading=\"lazy\" decoding=\"async\" class=\"img-icon\" alt=\"\" src=\"https:\/\/paranaluto.com.br\/memorialpet\/wp-content\/uploads\/2017\/02\/custom-icon-1.png\" width=\"62\" height=\"55\" \/><\/div><\/div><\/div><div class=\"porto-sicon-header\"><h2 class=\"porto-sicon-title\" style=\"font-weight:700;font-size:27px;color:#000000;\">Valor<\/h2><\/div> <!-- header --><div class=\"porto-sicon-description\" style=\"color:#beb7b9;\">\n<p style=\"text-align: center;\">A Paran\u00e1 Luto tem como miss\u00e3o fornecer o melhor servi\u00e7o no ramo de assist\u00eancia funeral, visando \u00e0 satisfa\u00e7\u00e3o do cliente (fam\u00edlia), buscando melhoria continua na \u00e1rea de atendimento funeral e valorizando uma rela\u00e7\u00e3o de confian\u00e7a com clientes, colaboradores e parceiros de neg\u00f3cios.<\/p>\n<p><\/div> <!-- description --><\/div><!-- porto-sicon-box -->[\/vc_column_inner][vc_column_inner width=&#8221;1\/2&#8243;]<div class=\"porto-sicon-box style_1 top-icon\"><div class=\"porto-sicon-top\"><div id=\"porto-icon-187105356569ea4b0dd75d5\" class=\"porto-just-icon-wrapper\" style=\"text-align:center;\"><div class=\"porto-sicon-img \" style=\"display:inline-block;font-size: 62px;\"><img loading=\"lazy\" decoding=\"async\" class=\"img-icon\" alt=\"\" src=\"https:\/\/paranaluto.com.br\/memorialpet\/wp-content\/uploads\/2017\/02\/custom-icon-3.png\" width=\"62\" height=\"55\" \/><\/div><\/div><\/div><div class=\"porto-sicon-header\"><h2 class=\"porto-sicon-title\" style=\"font-weight:700;font-size:27px;color:#000000;\">Miss\u00e3o<\/h2><\/div> <!-- header --><div class=\"porto-sicon-description\" style=\"color:#beb7b9;\">\n<p style=\"text-align: center;\">A Paran\u00e1 Luto tem como miss\u00e3o fornecer o melhor servi\u00e7o no ramo de assist\u00eancia funeral, visando \u00e0 satisfa\u00e7\u00e3o do cliente (fam\u00edlia), buscando melhoria continua na \u00e1rea de atendimento funeral e valorizando uma rela\u00e7\u00e3o de confian\u00e7a com clientes, colaboradores e parceiros de neg\u00f3cios.<\/p>\n<p><\/div> <!-- description --><\/div><!-- porto-sicon-box -->[\/vc_column_inner][\/vc_row_inner][vc_empty_space height=&#8221;51px&#8221;][\/vc_column][\/vc_row][vc_row full_width=&#8221;stretch_row&#8221; css=&#8221;.vc_custom_1488018685166{padding-top: 50px !important;padding-bottom: 50px !important;background-color: #efece8 !important;}&#8221; el_class=&#8221;what-expect&#8221;][vc_column][vc_custom_heading text=&#8221;VIS\u00c3O&#8221; use_theme_fonts=&#8221;yes&#8221; css=&#8221;.vc_custom_1666548327992{margin-bottom: 17px !important;}&#8221;][vc_column_text css=&#8221;.vc_custom_1666548321623{margin-bottom: 0px !important;}&#8221;]\u2013 A Paran\u00e1 Luto age com honestidade e compet\u00eancia;<br \/>\n\u2013 Geramos economia social com foco em resultados;<br \/>\n\u2013 Buscamos conquistar a confian\u00e7a e o comprometimento dos colaboradores para alcan\u00e7ar efeitos positivos, o contentamento e a dignidade de fazer parte da empresa PARANA LUTO;<br \/>\n\u2013 Garantimos a qualidade dos nossos servi\u00e7os e a import\u00e2ncia em cada atendimento, desejando ultrapassar as expectativas dos nossos clientes;<br \/>\n\u2013 Sim, a Paran\u00e1 Luto busca aprimorar as solu\u00e7\u00f5es na \u00e1rea de atendimento por meio do nosso p\u00f3s-atendimento;<br \/>\n\u2013 Temos como objetivo reconhecer as aptid\u00f5es das pessoas e progredir juntos.<\/p>\n<p><strong>Nosso lema:<\/strong>\u00a0Trabalhamos em fam\u00edlia, para atender sua fam\u00edlia no momento mais dif\u00edcil, com honra e qualidade total, utilizando sempre profissionais seriamente capacitados.[\/vc_column_text][\/vc_column][\/vc_row][vc_row full_width=&#8221;stretch_row&#8221; css=&#8221;.vc_custom_1560381901385{margin-top: 20px !important;margin-bottom: 0px !important;padding-top: 30px !important;}&#8221; el_class=&#8221;talk-us&#8221; el_id=&#8221;talktous&#8221;][vc_column width=&#8221;1\/2&#8243;][vc_empty_space height=&#8221;63px&#8221;][vc_custom_heading text=&#8221;Contato&#8221; use_theme_fonts=&#8221;yes&#8221; css=&#8221;.vc_custom_1666548342663{margin-bottom: 17px !important;}&#8221;][vc_column_text css=&#8221;.vc_custom_1666548383295{margin-bottom: 20px !important;}&#8221;]<strong>Plant\u00e3o 24 horas:<\/strong><\/p>\n<p>(41) 3233-3897 VIVO<br \/>\n(41) 98516-6952 TIM<br \/>\n(41) 98852-2540 VIVO<br \/>\n(41) 98516-6953 TIM[\/vc_column_text][\/vc_column][vc_column width=&#8221;1\/2&#8243;]<div class=\"porto-ultimate-content-box-container img custom-location-img\"><style>#porto_ucb_2139{will-change: box-shadow;box-shadow: none;}#porto_ucb_2139:hover{box-shadow:none}<\/style><div class=\"porto-ultimate-content-box\" style=\"background-color:#ffffff;\" data-bg=\"#ffffff\" id=\"porto_ucb_2139\">[vc_single_image image=&#8221;1418&#8243; img_size=&#8221;full&#8221; el_class=&#8221;m-b-none .custom-box-shadow&#8221;]<\/div><\/div>[\/vc_column][\/vc_row]<\/p>\n<\/div>","protected":false},"excerpt":{"rendered":"<p>[vc_row full_width=&#8221;stretch_row&#8221; parallax=&#8221;content-moving&#8221; parallax_image=&#8221;199&#8243; css=&#8221;.vc_custom_1493292645066{padding-top: 110px !important;padding-bottom: 80px !important;}&#8221; el_class=&#8221;text-center chrch-parlx-header&#8221;][vc_column][vc_custom_heading text=&#8221;Paran\u00e1 Luto&#8221; font_container=&#8221;tag:h1|text_align:center|color:%23ffffff&#8221; use_theme_fonts=&#8221;yes&#8221; el_class=&#8221;m-b-xs&#8221;][vc_column_text] 20 anos de compromisso com voc\u00ea [\/vc_column_text][\/vc_column][\/vc_row][vc_row css=&#8221;.vc_custom_1488028147242{margin-top: 50px !important;margin-bottom: 50px !important;background-color: #ffffff !important;}&#8221;][vc_column width=&#8221;7\/12&#8243;][vc_custom_heading text=&#8221;Quem somos&#8221; font_container=&#8221;tag:h2|text_align:left|color:%23000000&#8243; use_theme_fonts=&#8221;yes&#8221; css=&#8221;.vc_custom_1666551637227{margin-bottom: 17px !important;}&#8221;][vc_column_text css=&#8221;.vc_custom_1667336660419{margin-bottom: 0px !important;}&#8221;]Ao longo de 20 anos de exist\u00eancia, a Paran\u00e1 Luto tem sido a m\u00e3o que [&hellip;]<\/p>\n","protected":false},"author":1,"featured_media":0,"parent":0,"menu_order":0,"comment_status":"closed","ping_status":"closed","template":"","meta":{"footnotes":""},"class_list":["post-150","page","type-page","status-publish","hentry"],"_links":{"self":[{"href":"https:\/\/paranaluto.com.br\/memorialpet\/wp-json\/wp\/v2\/pages\/150","targetHints":{"allow":["GET"]}}],"collection":[{"href":"https:\/\/paranaluto.com.br\/memorialpet\/wp-json\/wp\/v2\/pages"}],"about":[{"href":"https:\/\/paranaluto.com.br\/memorialpet\/wp-json\/wp\/v2\/types\/page"}],"author":[{"embeddable":true,"href":"https:\/\/paranaluto.com.br\/memorialpet\/wp-json\/wp\/v2\/users\/1"}],"replies":[{"embeddable":true,"href":"https:\/\/paranaluto.com.br\/memorialpet\/wp-json\/wp\/v2\/comments?post=150"}],"version-history":[{"count":10,"href":"https:\/\/paranaluto.com.br\/memorialpet\/wp-json\/wp\/v2\/pages\/150\/revisions"}],"predecessor-version":[{"id":1438,"href":"https:\/\/paranaluto.com.br\/memorialpet\/wp-json\/wp\/v2\/pages\/150\/revisions\/1438"}],"wp:attachment":[{"href":"https:\/\/paranaluto.com.br\/memorialpet\/wp-json\/wp\/v2\/media?parent=150"}],"curies":[{"name":"wp","href":"https:\/\/api.w.org\/{rel}","templated":true}]}}